{"id":13223,"date":"2025-03-18T08:50:08","date_gmt":"2025-03-18T06:50:08","guid":{"rendered":"https:\/\/erply.haidak.eu\/veteran-patton\/"},"modified":"2026-03-18T00:34:13","modified_gmt":"2026-03-17T22:34:13","slug":"veteran-patton","status":"publish","type":"product","link":"https:\/\/erply.haidak.eu\/fi\/veteran-patton\/","title":{"rendered":"Veteran Patton"},"content":{"rendered":"<div class=\"wpb-content-wrapper\"><p>[vc_row css=&#8221;.vc_custom_1738843193265{background-color: #0F3F36 !important;}&#8221; woodmart_css_id=&#8221;67a4a4339c25a&#8221; responsive_spacing=&#8221;eyJwYXJhbV90eXBlIjoid29vZG1hcnRfcmVzcG9uc2l2ZV9zcGFjaW5nIiwic2VsZWN0b3JfaWQiOiI2N2E0YTQzMzljMjVhIiwic2hvcnRjb2RlIjoidmNfcm93IiwiZGF0YSI6eyJ0YWJsZXQiOnt9LCJtb2JpbGUiOnt9fX0=&#8221; mobile_bg_img_hidden=&#8221;no&#8221; tablet_bg_img_hidden=&#8221;no&#8221; woodmart_parallax=&#8221;0&#8243; woodmart_gradient_switch=&#8221;no&#8221; woodmart_box_shadow=&#8221;no&#8221; wd_z_index=&#8221;no&#8221; woodmart_disable_overflow=&#8221;0&#8243; row_reverse_mobile=&#8221;0&#8243; row_reverse_tablet=&#8221;0&#8243; el_id=&#8221;p-description&#8221; el_class=&#8221;product-description&#8221;][vc_column][vc_row_inner equal_height=&#8221;yes&#8221; content_placement=&#8221;top&#8221; gap=&#8221;30&#8243; woodmart_css_id=&#8221;67ad1e7334786&#8243; responsive_spacing=&#8221;eyJwYXJhbV90eXBlIjoid29vZG1hcnRfcmVzcG9uc2l2ZV9zcGFjaW5nIiwic2VsZWN0b3JfaWQiOiI2N2FkMWU3MzM0Nzg2Iiwic2hvcnRjb2RlIjoidmNfcm93X2lubmVyIiwiZGF0YSI6eyJ0YWJsZXQiOnt9LCJtb2JpbGUiOnt9fX0=&#8221; mobile_bg_img_hidden=&#8221;no&#8221; tablet_bg_img_hidden=&#8221;no&#8221; woodmart_parallax=&#8221;0&#8243; woodmart_gradient_switch=&#8221;no&#8221; woodmart_box_shadow=&#8221;no&#8221; wd_z_index=&#8221;no&#8221; woodmart_disable_overflow=&#8221;0&#8243; row_reverse_mobile=&#8221;0&#8243; row_reverse_tablet=&#8221;0&#8243; el_class=&#8221;inside-dec-row&#8221;][vc_column_inner width=&#8221;1\/2&#8243;][vc_column_text css=&#8221;&#8221; woodmart_inline=&#8221;no&#8221; text_larger=&#8221;no&#8221;]<\/p>\n<h3>Poikkeuksellinen Teho ja Suorituskyky<\/h3>\n<p>[\/vc_column_text][vc_column_text css=&#8221;&#8221; woodmart_inline=&#8221;no&#8221; text_larger=&#8221;no&#8221; el_class=&#8221;features-list&#8221;]<\/p>\n<ul>\n<li>Korkean v\u00e4\u00e4nt\u00f6momentin moottori \u2013 tarjoaa eritt\u00e4in hyv\u00e4n kiihtyvyyden ja voiman sek\u00e4 kaupunkiajoon ett\u00e4 vaativampaan maastoajoon.<\/li>\n<li>Jopa 7 kW huipputeho \u2013 tarjoaa riitt\u00e4v\u00e4sti voimaa jyrkkiin nousuihin ja nopeaan kiihtyvyyteen.<\/li>\n<li>Huippuvirta jopa 680 A \u2013 mahdollistaa nopeamman ja tehokkaamman ajon my\u00f6s suurella kuormalla.<\/li>\n<\/ul>\n<p>[\/vc_column_text][\/vc_column_inner][vc_column_inner width=&#8221;1\/2&#8243;][vc_column_text css=&#8221;&#8221; woodmart_inline=&#8221;no&#8221; text_larger=&#8221;no&#8221;]<\/p>\n<h3>Ensimm\u00e4inen 126 V S\u00e4hk\u00f6inen Yksipy\u00f6r\u00e4inen<\/h3>\n<p>[\/vc_column_text][vc_column_text css=&#8221;&#8221; woodmart_inline=&#8221;no&#8221; text_larger=&#8221;no&#8221; el_class=&#8221;features-list&#8221;]<\/p>\n<ul>\n<li>22200 Wh Samsung 50E -akku \u2013 mahdollistaa jopa noin 75 km ajomatkan yhdell\u00e4 latauksella.<\/li>\n<li>P\u00e4ivitetty 126 V ohjain \u2013 kaksikerroksinen suojarakenne, alumiinipohja ja kuparitangot auttavat hajottamaan l\u00e4mp\u00f6\u00e4 tehokkaammin kuormituksen aikana.<\/li>\n<li>\u00c4lyk\u00e4s energianhallinta \u2013 pit\u00e4\u00e4 suorituskyvyn vakaana ja k\u00e4ytt\u00e4\u00e4 energiaa mahdollisimman tehokkaasti.<\/li>\n<\/ul>\n<p>[\/vc_column_text][\/vc_column_inner][\/vc_row_inner][vc_row_inner equal_height=&#8221;yes&#8221; content_placement=&#8221;top&#8221; gap=&#8221;30&#8243; woodmart_css_id=&#8221;67ad1e7334786&#8243; responsive_spacing=&#8221;eyJwYXJhbV90eXBlIjoid29vZG1hcnRfcmVzcG9uc2l2ZV9zcGFjaW5nIiwic2VsZWN0b3JfaWQiOiI2N2FkMWU3MzM0Nzg2Iiwic2hvcnRjb2RlIjoidmNfcm93X2lubmVyIiwiZGF0YSI6eyJ0YWJsZXQiOnt9LCJtb2JpbGUiOnt9fX0=&#8221; mobile_bg_img_hidden=&#8221;no&#8221; tablet_bg_img_hidden=&#8221;no&#8221; woodmart_parallax=&#8221;0&#8243; woodmart_gradient_switch=&#8221;no&#8221; woodmart_box_shadow=&#8221;no&#8221; wd_z_index=&#8221;no&#8221; woodmart_disable_overflow=&#8221;0&#8243; row_reverse_mobile=&#8221;0&#8243; row_reverse_tablet=&#8221;0&#8243; el_class=&#8221;inside-dec-row&#8221;][vc_column_inner width=&#8221;1\/2&#8243;][vc_column_text css=&#8221;&#8221; woodmart_inline=&#8221;no&#8221; text_larger=&#8221;no&#8221;]<\/p>\n<h3>Suunniteltu Maksimaaliseen Kest\u00e4vyyteen<\/h3>\n<p>[\/vc_column_text][vc_column_text css=&#8221;&#8221; woodmart_inline=&#8221;no&#8221; text_larger=&#8221;no&#8221; el_class=&#8221;features-list&#8221;]<\/p>\n<ul>\n<li>Lentokoneluokan alumiiniseosrunko \u2013 tarjoaa vakautta ja hyv\u00e4\u00e4 iskunkest\u00e4vyytt\u00e4 my\u00f6s vaativissa olosuhteissa.<\/li>\n<li>Kosteudenkest\u00e4v\u00e4 moottorikotelo \u2013 magnesiumseoksesta valmistettu rakenne, vahvistetut sivupaneelit ja vedenkest\u00e4v\u00e4t laakerit mahdollistavat ajon my\u00f6s haastavissa s\u00e4\u00e4olosuhteissa.<\/li>\n<li>Paksummat vaihejohtimet ja 24 MOSFET-transistoria \u2013 suunniteltu kest\u00e4m\u00e4\u00e4n suurta tehoa.<\/li>\n<\/ul>\n<p>[\/vc_column_text][\/vc_column_inner][vc_column_inner width=&#8221;1\/2&#8243;][vc_column_text css=&#8221;&#8221; woodmart_inline=&#8221;no&#8221; text_larger=&#8221;no&#8221;]<\/p>\n<h3>Jousitus Maksimaaliseen Mukavuuteen<\/h3>\n<p>[\/vc_column_text][vc_column_text css=&#8221;&#8221; woodmart_inline=&#8221;no&#8221; text_larger=&#8221;no&#8221; el_class=&#8221;features-list&#8221;]<\/p>\n<ul>\n<li>Keskelle sijoitettu \u00f6ljyt\u00e4ytteinen jousitus \u2013 80 mm joustomatka vaimentaa iskuja tehokkaasti my\u00f6s ep\u00e4tasaisilla teill\u00e4.<\/li>\n<li>S\u00e4\u00e4dett\u00e4v\u00e4 rebound-vaimennus \u2013 jousituksen voi s\u00e4\u00e4t\u00e4\u00e4 helposti ajajan painon ja ajo-olosuhteiden mukaan.<\/li>\n<li>Piikeill\u00e4 varustetut magnesiumseospolkimet \u2013 tarjoavat hyv\u00e4n pidon jaloille ja lis\u00e4\u00e4v\u00e4t vakautta my\u00f6s suuremmissa nopeuksissa.<\/li>\n<\/ul>\n<p>[\/vc_column_text][vc_column_text css=&#8221;&#8221; woodmart_inline=&#8221;no&#8221; text_larger=&#8221;no&#8221; el_class=&#8221;featured-list&#8221;][\/vc_column_text][\/vc_column_inner][\/vc_row_inner][vc_row_inner equal_height=&#8221;yes&#8221; content_placement=&#8221;top&#8221; gap=&#8221;30&#8243; woodmart_css_id=&#8221;67ad1e7334786&#8243; responsive_spacing=&#8221;eyJwYXJhbV90eXBlIjoid29vZG1hcnRfcmVzcG9uc2l2ZV9zcGFjaW5nIiwic2VsZWN0b3JfaWQiOiI2N2FkMWU3MzM0Nzg2Iiwic2hvcnRjb2RlIjoidmNfcm93X2lubmVyIiwiZGF0YSI6eyJ0YWJsZXQiOnt9LCJtb2JpbGUiOnt9fX0=&#8221; mobile_bg_img_hidden=&#8221;no&#8221; tablet_bg_img_hidden=&#8221;no&#8221; woodmart_parallax=&#8221;0&#8243; woodmart_gradient_switch=&#8221;no&#8221; woodmart_box_shadow=&#8221;no&#8221; wd_z_index=&#8221;no&#8221; woodmart_disable_overflow=&#8221;0&#8243; row_reverse_mobile=&#8221;0&#8243; row_reverse_tablet=&#8221;0&#8243; el_class=&#8221;inside-dec-row&#8221;][vc_column_inner width=&#8221;1\/2&#8243;][vc_column_text css=&#8221;&#8221; woodmart_inline=&#8221;no&#8221; text_larger=&#8221;no&#8221;]<\/p>\n<h3>Suunniteltu Vaativalle Ajajalle<\/h3>\n<p>[\/vc_column_text][vc_column_text css=&#8221;&#8221; woodmart_inline=&#8221;no&#8221; text_larger=&#8221;no&#8221; el_class=&#8221;features-list&#8221;]Veteran Patton ei ole vain yksi s\u00e4hk\u00f6inen yksipy\u00f6r\u00e4inen lis\u00e4\u00e4 \u2013 se on laite niille, jotka haluavat enemm\u00e4n. Jos arvostat suurta nopeutta, pitk\u00e4\u00e4 toimintas\u00e4dett\u00e4 tai mahdollisuutta ajaa maastossa, t\u00e4m\u00e4 malli tarjoaa suorituskyky\u00e4, joka vastaa n\u00e4ihin odotuksiin.<\/p>\n<p><strong>Ratkaisut, jotka tekev\u00e4t ajamisesta mukavampaa<\/strong><\/p>\n<ul>\n<li>Uusi n\u00e4ytt\u00f6 \u2013 selke\u00e4mm\u00e4t tiedot, parempi luettavuus ja parempi suoja sateelta.<\/li>\n<li>Bluetooth-mobiilisovellus \u2013 s\u00e4\u00e4d\u00e4 py\u00f6r\u00e4\u00e4 ja tarkista j\u00e4rjestelm\u00e4n tiedot suoraan puhelimesta.<\/li>\n<li>Klassinen taitettava kahva \u2013 vahvempi ja korkeuss\u00e4\u00e4dett\u00e4v\u00e4, jotta py\u00f6r\u00e4\u00e4 on helpompi ty\u00f6nt\u00e4\u00e4 ja kantaa.<\/li>\n<li>Integroitu etu- ja takavalo \u2013 parempi n\u00e4kyvyys ja turvallisuus sek\u00e4 p\u00e4iv\u00e4ll\u00e4 ett\u00e4 pime\u00e4ss\u00e4.<\/li>\n<\/ul>\n<p>[\/vc_column_text][\/vc_column_inner][vc_column_inner width=&#8221;1\/2&#8243;]\t\t<div class=\"wd-el-video wd-wpb wd-rs-690b343d96c32 wd-action-without wd-video-youtube\">\n\t\t\t\t\t\t\t<iframe src=\"https:\/\/www.youtube.com\/embed\/U5R_mA7w9o0?feature=oembed&loop=0&mute=0&controls=1&autoplay=0\" allowfullscreen allow=\"accelerometer; autoplay; encrypted-media; gyroscope; picture-in-picture\" width=\"100%\" height=\"100%\" loading=\"lazy\" aria-label=\"Videosoitin\"><\/iframe>\t\t\t\n\t\t\t\n\t\t\t\n\t\t\t\t\t<\/div>\n\t\t[vc_column_text css=&#8221;&#8221; woodmart_inline=&#8221;no&#8221; text_larger=&#8221;no&#8221; el_class=&#8221;featured-list&#8221;][\/vc_column_text][\/vc_column_inner][\/vc_row_inner][vc_row_inner el_class=&#8221;product-cta&#8221; woodmart_css_id=&#8221;67ad831e70f64&#8243; responsive_spacing=&#8221;eyJwYXJhbV90eXBlIjoid29vZG1hcnRfcmVzcG9uc2l2ZV9zcGFjaW5nIiwic2VsZWN0b3JfaWQiOiI2N2FkODMxZTcwZjY0Iiwic2hvcnRjb2RlIjoidmNfcm93X2lubmVyIiwiZGF0YSI6eyJ0YWJsZXQiOnt9LCJtb2JpbGUiOnt9fX0=&#8221; mobile_bg_img_hidden=&#8221;no&#8221; tablet_bg_img_hidden=&#8221;no&#8221; woodmart_parallax=&#8221;0&#8243; woodmart_gradient_switch=&#8221;no&#8221; woodmart_box_shadow=&#8221;no&#8221; wd_z_index=&#8221;no&#8221; woodmart_disable_overflow=&#8221;0&#8243; row_reverse_mobile=&#8221;0&#8243; row_reverse_tablet=&#8221;0&#8243;][vc_column_inner][vc_column_text css=&#8221;&#8221; el_class=&#8221;bigger-cta-heading&#8221; woodmart_inline=&#8221;no&#8221; text_larger=&#8221;no&#8221;]<\/p>\n<h4>Tilaa oma Veteran Patton -s\u00e4hk\u00f6inen yksipy\u00f6r\u00e4inen jo t\u00e4n\u00e4\u00e4n!<\/h4>\n<p>[\/vc_column_text][\/vc_column_inner][\/vc_row_inner][\/vc_column][\/vc_row]<\/p>\n<\/div>","protected":false},"excerpt":{"rendered":"<p><strong>Veteran Patton<\/strong> on korkean suorituskyvyn s\u00e4hk\u00f6inen yksipy\u00f6r\u00e4inen, joka on suunniteltu ajajille, jotka odottavat paljon tehoa, hyv\u00e4\u00e4 hallittavuutta ja eritt\u00e4in kest\u00e4v\u00e4\u00e4 rakennetta. T\u00e4m\u00e4 126 V j\u00e4rjestelm\u00e4ll\u00e4 varustettu malli tarjoaa vahvan v\u00e4\u00e4nt\u00f6momentin, korkean huippunopeuden ja mukavan jousituksen, joka sopii hyvin sek\u00e4 kaupunki- ett\u00e4 maastoajoon.<\/p>\n","protected":false},"featured_media":13217,"comment_status":"closed","ping_status":"closed","template":"","meta":[],"product_brand":[655],"product_cat":[651],"product_tag":[],"class_list":{"0":"post-13223","1":"product","2":"type-product","3":"status-publish","4":"has-post-thumbnail","6":"product_brand-veteran","7":"product_cat-sahkoiset-yksipyoraiset","9":"first","10":"outofstock","11":"taxable","12":"shipping-taxable","13":"product-type-variable"},"yoast_head":"<!-- This site is optimized with the Yoast SEO Premium plugin v26.6 (Yoast SEO v27.2) - https:\/\/yoast.com\/product\/yoast-seo-premium-wordpress\/ -->\n<title>LeaperKim Veteran Patton \u2013 tehoa ja jousitusta kaikille alustoille | Voltride<\/title>\n<meta name=\"description\" content=\"Veteran Patton s\u00e4hk\u00f6inen yksipy\u00f6r\u00e4inen \u2013 ensimm\u00e4inen 126 V jousitettu EUC, jossa on korkean v\u00e4\u00e4nt\u00f6momentin moottori, 2200 Wh akku ja jopa 7 kW huipputeho.\" \/>\n<meta name=\"robots\" content=\"noindex, follow, max-snippet:-1, max-image-preview:large, max-video-preview:-1\" \/>\n<meta property=\"og:locale\" content=\"fi_FI\" \/>\n<meta property=\"og:type\" content=\"article\" \/>\n<meta property=\"og:title\" content=\"S\u00e4hk\u00f6inen yksipy\u00f6r\u00e4inen Veteran Patton | Voltride\" \/>\n<meta property=\"og:description\" content=\"Veteran Patton s\u00e4hk\u00f6inen yksipy\u00f6r\u00e4inen \u2013 ensimm\u00e4inen 126 V jousitettu EUC, jossa on korkean v\u00e4\u00e4nt\u00f6momentin moottori, 2200 Wh akku ja jopa 7 kW huipputeho.\" \/>\n<meta property=\"og:url\" content=\"https:\/\/erply.haidak.eu\/fi\/veteran-patton\/\" \/>\n<meta property=\"og:site_name\" content=\"Voltride\" \/>\n<meta property=\"article:modified_time\" content=\"2026-03-17T22:34:13+00:00\" \/>\n<meta property=\"og:image\" content=\"https:\/\/erply.haidak.eu\/wp-content\/uploads\/2025\/03\/electric-unicycle-veteran-patton-front-left.jpg\" \/>\n\t<meta property=\"og:image:width\" content=\"1200\" \/>\n\t<meta property=\"og:image:height\" content=\"1200\" \/>\n\t<meta property=\"og:image:type\" content=\"image\/jpeg\" \/>\n<meta name=\"twitter:card\" content=\"summary_large_image\" \/>\n<meta name=\"twitter:title\" content=\"Veteran Patton | Voltride\" \/>\n<script type=\"application\/ld+json\" class=\"yoast-schema-graph\">{\"@context\":\"https:\/\/schema.org\",\"@graph\":[{\"@type\":\"WebPage\",\"@id\":\"https:\/\/erply.haidak.eu\/fi\/veteran-patton\/\",\"url\":\"https:\/\/erply.haidak.eu\/fi\/veteran-patton\/\",\"name\":\"LeaperKim Veteran Patton \u2013 tehoa ja jousitusta kaikille alustoille | Voltride\",\"isPartOf\":{\"@id\":\"https:\/\/erply.haidak.eu\/fi\/#website\"},\"primaryImageOfPage\":{\"@id\":\"https:\/\/erply.haidak.eu\/fi\/veteran-patton\/#primaryimage\"},\"image\":{\"@id\":\"https:\/\/erply.haidak.eu\/fi\/veteran-patton\/#primaryimage\"},\"thumbnailUrl\":\"https:\/\/erply.haidak.eu\/wp-content\/uploads\/2025\/03\/electric-unicycle-veteran-patton-front-left.jpg\",\"datePublished\":\"2025-03-18T06:50:08+00:00\",\"dateModified\":\"2026-03-17T22:34:13+00:00\",\"description\":\"Veteran Patton s\u00e4hk\u00f6inen yksipy\u00f6r\u00e4inen \u2013 ensimm\u00e4inen 126 V jousitettu EUC, jossa on korkean v\u00e4\u00e4nt\u00f6momentin moottori, 2200 Wh akku ja jopa 7 kW huipputeho.\",\"breadcrumb\":{\"@id\":\"https:\/\/erply.haidak.eu\/fi\/veteran-patton\/#breadcrumb\"},\"inLanguage\":\"fi\",\"potentialAction\":[{\"@type\":\"ReadAction\",\"target\":[\"https:\/\/erply.haidak.eu\/fi\/veteran-patton\/\"]}]},{\"@type\":\"ImageObject\",\"inLanguage\":\"fi\",\"@id\":\"https:\/\/erply.haidak.eu\/fi\/veteran-patton\/#primaryimage\",\"url\":\"https:\/\/erply.haidak.eu\/wp-content\/uploads\/2025\/03\/electric-unicycle-veteran-patton-front-left.jpg\",\"contentUrl\":\"https:\/\/erply.haidak.eu\/wp-content\/uploads\/2025\/03\/electric-unicycle-veteran-patton-front-left.jpg\",\"width\":1200,\"height\":1200,\"caption\":\"Veteran Patton -s\u00e4hk\u00f6inen yksipy\u00f6r\u00e4inen valkoisella taustalla, n\u00e4kym\u00e4 edest\u00e4 hieman vasemmalta\"},{\"@type\":\"BreadcrumbList\",\"@id\":\"https:\/\/erply.haidak.eu\/fi\/veteran-patton\/#breadcrumb\",\"itemListElement\":[{\"@type\":\"ListItem\",\"position\":1,\"name\":\"Home\",\"item\":\"https:\/\/erply.haidak.eu\/fi\/\"},{\"@type\":\"ListItem\",\"position\":2,\"name\":\"Kauppa\",\"item\":\"https:\/\/erply.haidak.eu\/fi\/kauppa\/\"},{\"@type\":\"ListItem\",\"position\":3,\"name\":\"S\u00e4hk\u00f6iset Yksipy\u00f6r\u00e4iset\",\"item\":\"https:\/\/erply.haidak.eu\/fi\/sahkoiset-yksipyoraiset\/\"},{\"@type\":\"ListItem\",\"position\":4,\"name\":\"Veteran Patton\"}]},{\"@type\":\"WebSite\",\"@id\":\"https:\/\/erply.haidak.eu\/fi\/#website\",\"url\":\"https:\/\/erply.haidak.eu\/fi\/\",\"name\":\"Voltride\",\"description\":\"Parim elektrirataste elektrit\u00f5ukside ja \u00fcksrataste pood ja remont\",\"publisher\":{\"@id\":\"https:\/\/erply.haidak.eu\/fi\/#organization\"},\"alternateName\":\"Vr\",\"potentialAction\":[{\"@type\":\"SearchAction\",\"target\":{\"@type\":\"EntryPoint\",\"urlTemplate\":\"https:\/\/erply.haidak.eu\/fi\/?s={search_term_string}\"},\"query-input\":{\"@type\":\"PropertyValueSpecification\",\"valueRequired\":true,\"valueName\":\"search_term_string\"}}],\"inLanguage\":\"fi\"},{\"@type\":[\"Organization\",\"Place\"],\"@id\":\"https:\/\/erply.haidak.eu\/fi\/#organization\",\"name\":\"Voltride\",\"alternateName\":\"VR\",\"url\":\"https:\/\/erply.haidak.eu\/fi\/\",\"logo\":{\"@id\":\"https:\/\/erply.haidak.eu\/fi\/veteran-patton\/#local-main-organization-logo\"},\"image\":{\"@id\":\"https:\/\/erply.haidak.eu\/fi\/veteran-patton\/#local-main-organization-logo\"},\"legalName\":\"Voltride O\u00dc\",\"numberOfEmployees\":{\"@type\":\"QuantitativeValue\",\"minValue\":\"1\",\"maxValue\":\"10\"},\"ownershipFundingInfo\":\"https:\/\/erply.haidak.eu\/about-us\/\",\"address\":{\"@id\":\"https:\/\/erply.haidak.eu\/fi\/veteran-patton\/#local-main-place-address\"},\"geo\":{\"@type\":\"GeoCoordinates\",\"latitude\":\"59.439554\",\"longitude\":\"24.726644\"},\"telephone\":[\"+372 600 40 99\"],\"contactPoint\":{\"@type\":\"ContactPoint\",\"telephone\":\"+372 600 40 99\",\"email\":\"info@voltride.com\"},\"openingHoursSpecification\":[{\"@type\":\"OpeningHoursSpecification\",\"dayOfWeek\":[\"Monday\",\"Tuesday\",\"Wednesday\",\"Thursday\",\"Friday\"],\"opens\":\"10:00\",\"closes\":\"18:00\"},{\"@type\":\"OpeningHoursSpecification\",\"dayOfWeek\":[\"Saturday\",\"Sunday\"],\"opens\":\"00:00\",\"closes\":\"00:00\"}],\"email\":\"info@voltride.com\",\"taxID\":\"14871968\"},{\"@type\":\"PostalAddress\",\"@id\":\"https:\/\/erply.haidak.eu\/fi\/veteran-patton\/#local-main-place-address\",\"streetAddress\":\"Voltride Telliskivi 57D\",\"addressLocality\":\"Tallinn\",\"postalCode\":\"10412\",\"addressRegion\":\"Tallinn\",\"addressCountry\":\"EE\"},{\"@type\":\"ImageObject\",\"inLanguage\":\"fi\",\"@id\":\"https:\/\/erply.haidak.eu\/fi\/veteran-patton\/#local-main-organization-logo\",\"url\":\"https:\/\/erply.haidak.eu\/wp-content\/uploads\/voltride-logo.png\",\"contentUrl\":\"https:\/\/erply.haidak.eu\/wp-content\/uploads\/voltride-logo.png\",\"width\":2481,\"height\":620,\"caption\":\"Voltride\"}]}<\/script>\n<meta property=\"product:brand\" content=\"LeaperKim (Veteran)\" \/>\n<meta property=\"og:availability\" content=\"out of stock\" \/>\n<meta property=\"product:availability\" content=\"out of stock\" \/>\n<meta property=\"product:retailer_item_id\" content=\"OWVT107\" \/>\n<meta property=\"product:condition\" content=\"new\" \/>\n<meta name=\"geo.placename\" content=\"Tallinn\" \/>\n<meta name=\"geo.position\" content=\"59.439554;24.726644\" \/>\n<meta name=\"geo.region\" content=\"Viro\" \/>\n<!-- \/ Yoast SEO Premium plugin. -->","yoast_head_json":{"title":"LeaperKim Veteran Patton \u2013 tehoa ja jousitusta kaikille alustoille | Voltride","description":"Veteran Patton s\u00e4hk\u00f6inen yksipy\u00f6r\u00e4inen \u2013 ensimm\u00e4inen 126 V jousitettu EUC, jossa on korkean v\u00e4\u00e4nt\u00f6momentin moottori, 2200 Wh akku ja jopa 7 kW huipputeho.","robots":{"index":"noindex","follow":"follow","max-snippet":"max-snippet:-1","max-image-preview":"max-image-preview:large","max-video-preview":"max-video-preview:-1"},"og_locale":"fi_FI","og_type":"article","og_title":"S\u00e4hk\u00f6inen yksipy\u00f6r\u00e4inen Veteran Patton | Voltride","og_description":"Veteran Patton s\u00e4hk\u00f6inen yksipy\u00f6r\u00e4inen \u2013 ensimm\u00e4inen 126 V jousitettu EUC, jossa on korkean v\u00e4\u00e4nt\u00f6momentin moottori, 2200 Wh akku ja jopa 7 kW huipputeho.","og_url":"https:\/\/erply.haidak.eu\/fi\/veteran-patton\/","og_site_name":"Voltride","article_modified_time":"2026-03-17T22:34:13+00:00","og_image":[{"width":1200,"height":1200,"url":"https:\/\/erply.haidak.eu\/wp-content\/uploads\/2025\/03\/electric-unicycle-veteran-patton-front-left.jpg","type":"image\/jpeg"}],"twitter_card":"summary_large_image","twitter_title":"Veteran Patton | Voltride","schema":{"@context":"https:\/\/schema.org","@graph":[{"@type":"WebPage","@id":"https:\/\/erply.haidak.eu\/fi\/veteran-patton\/","url":"https:\/\/erply.haidak.eu\/fi\/veteran-patton\/","name":"LeaperKim Veteran Patton \u2013 tehoa ja jousitusta kaikille alustoille | Voltride","isPartOf":{"@id":"https:\/\/erply.haidak.eu\/fi\/#website"},"primaryImageOfPage":{"@id":"https:\/\/erply.haidak.eu\/fi\/veteran-patton\/#primaryimage"},"image":{"@id":"https:\/\/erply.haidak.eu\/fi\/veteran-patton\/#primaryimage"},"thumbnailUrl":"https:\/\/erply.haidak.eu\/wp-content\/uploads\/2025\/03\/electric-unicycle-veteran-patton-front-left.jpg","datePublished":"2025-03-18T06:50:08+00:00","dateModified":"2026-03-17T22:34:13+00:00","description":"Veteran Patton s\u00e4hk\u00f6inen yksipy\u00f6r\u00e4inen \u2013 ensimm\u00e4inen 126 V jousitettu EUC, jossa on korkean v\u00e4\u00e4nt\u00f6momentin moottori, 2200 Wh akku ja jopa 7 kW huipputeho.","breadcrumb":{"@id":"https:\/\/erply.haidak.eu\/fi\/veteran-patton\/#breadcrumb"},"inLanguage":"fi","potentialAction":[{"@type":"ReadAction","target":["https:\/\/erply.haidak.eu\/fi\/veteran-patton\/"]}]},{"@type":"ImageObject","inLanguage":"fi","@id":"https:\/\/erply.haidak.eu\/fi\/veteran-patton\/#primaryimage","url":"https:\/\/erply.haidak.eu\/wp-content\/uploads\/2025\/03\/electric-unicycle-veteran-patton-front-left.jpg","contentUrl":"https:\/\/erply.haidak.eu\/wp-content\/uploads\/2025\/03\/electric-unicycle-veteran-patton-front-left.jpg","width":1200,"height":1200,"caption":"Veteran Patton -s\u00e4hk\u00f6inen yksipy\u00f6r\u00e4inen valkoisella taustalla, n\u00e4kym\u00e4 edest\u00e4 hieman vasemmalta"},{"@type":"BreadcrumbList","@id":"https:\/\/erply.haidak.eu\/fi\/veteran-patton\/#breadcrumb","itemListElement":[{"@type":"ListItem","position":1,"name":"Home","item":"https:\/\/erply.haidak.eu\/fi\/"},{"@type":"ListItem","position":2,"name":"Kauppa","item":"https:\/\/erply.haidak.eu\/fi\/kauppa\/"},{"@type":"ListItem","position":3,"name":"S\u00e4hk\u00f6iset Yksipy\u00f6r\u00e4iset","item":"https:\/\/erply.haidak.eu\/fi\/sahkoiset-yksipyoraiset\/"},{"@type":"ListItem","position":4,"name":"Veteran Patton"}]},{"@type":"WebSite","@id":"https:\/\/erply.haidak.eu\/fi\/#website","url":"https:\/\/erply.haidak.eu\/fi\/","name":"Voltride","description":"Parim elektrirataste elektrit\u00f5ukside ja \u00fcksrataste pood ja remont","publisher":{"@id":"https:\/\/erply.haidak.eu\/fi\/#organization"},"alternateName":"Vr","potentialAction":[{"@type":"SearchAction","target":{"@type":"EntryPoint","urlTemplate":"https:\/\/erply.haidak.eu\/fi\/?s={search_term_string}"},"query-input":{"@type":"PropertyValueSpecification","valueRequired":true,"valueName":"search_term_string"}}],"inLanguage":"fi"},{"@type":["Organization","Place"],"@id":"https:\/\/erply.haidak.eu\/fi\/#organization","name":"Voltride","alternateName":"VR","url":"https:\/\/erply.haidak.eu\/fi\/","logo":{"@id":"https:\/\/erply.haidak.eu\/fi\/veteran-patton\/#local-main-organization-logo"},"image":{"@id":"https:\/\/erply.haidak.eu\/fi\/veteran-patton\/#local-main-organization-logo"},"legalName":"Voltride O\u00dc","numberOfEmployees":{"@type":"QuantitativeValue","minValue":"1","maxValue":"10"},"ownershipFundingInfo":"https:\/\/erply.haidak.eu\/about-us\/","address":{"@id":"https:\/\/erply.haidak.eu\/fi\/veteran-patton\/#local-main-place-address"},"geo":{"@type":"GeoCoordinates","latitude":"59.439554","longitude":"24.726644"},"telephone":["+372 600 40 99"],"contactPoint":{"@type":"ContactPoint","telephone":"+372 600 40 99","email":"info@voltride.com"},"openingHoursSpecification":[{"@type":"OpeningHoursSpecification","dayOfWeek":["Monday","Tuesday","Wednesday","Thursday","Friday"],"opens":"10:00","closes":"18:00"},{"@type":"OpeningHoursSpecification","dayOfWeek":["Saturday","Sunday"],"opens":"00:00","closes":"00:00"}],"email":"info@voltride.com","taxID":"14871968"},{"@type":"PostalAddress","@id":"https:\/\/erply.haidak.eu\/fi\/veteran-patton\/#local-main-place-address","streetAddress":"Voltride Telliskivi 57D","addressLocality":"Tallinn","postalCode":"10412","addressRegion":"Tallinn","addressCountry":"EE"},{"@type":"ImageObject","inLanguage":"fi","@id":"https:\/\/erply.haidak.eu\/fi\/veteran-patton\/#local-main-organization-logo","url":"https:\/\/erply.haidak.eu\/wp-content\/uploads\/voltride-logo.png","contentUrl":"https:\/\/erply.haidak.eu\/wp-content\/uploads\/voltride-logo.png","width":2481,"height":620,"caption":"Voltride"}]},"product_brand":"LeaperKim (Veteran)","og_availability":"out of stock","product_availability":"out of stock","product_retailer_item_id":"OWVT107","product_condition":"new","geo.placename":"Tallinn","geo.position":{"lat":"59.439554","long":"24.726644"},"geo.region":"Viro"},"_links":{"self":[{"href":"https:\/\/erply.haidak.eu\/fi\/wp-json\/wp\/v2\/product\/13223","targetHints":{"allow":["GET"]}}],"collection":[{"href":"https:\/\/erply.haidak.eu\/fi\/wp-json\/wp\/v2\/product"}],"about":[{"href":"https:\/\/erply.haidak.eu\/fi\/wp-json\/wp\/v2\/types\/product"}],"replies":[{"embeddable":true,"href":"https:\/\/erply.haidak.eu\/fi\/wp-json\/wp\/v2\/comments?post=13223"}],"wp:featuredmedia":[{"embeddable":true,"href":"https:\/\/erply.haidak.eu\/fi\/wp-json\/wp\/v2\/media\/13217"}],"wp:attachment":[{"href":"https:\/\/erply.haidak.eu\/fi\/wp-json\/wp\/v2\/media?parent=13223"}],"wp:term":[{"taxonomy":"product_brand","embeddable":true,"href":"https:\/\/erply.haidak.eu\/fi\/wp-json\/wp\/v2\/product_brand?post=13223"},{"taxonomy":"product_cat","embeddable":true,"href":"https:\/\/erply.haidak.eu\/fi\/wp-json\/wp\/v2\/product_cat?post=13223"},{"taxonomy":"product_tag","embeddable":true,"href":"https:\/\/erply.haidak.eu\/fi\/wp-json\/wp\/v2\/product_tag?post=13223"}],"curies":[{"name":"wp","href":"https:\/\/api.w.org\/{rel}","templated":true}]}}