{"id":12300,"date":"2026-02-03T21:46:17","date_gmt":"2026-02-03T19:46:17","guid":{"rendered":"https:\/\/erply.haidak.eu\/6-kuukautta-ilmaista-pidennettya-takuuta\/"},"modified":"2026-04-21T16:40:05","modified_gmt":"2026-04-21T14:40:05","slug":"6-kuukautta-ilmaista-pidennettya-takuuta","status":"publish","type":"product","link":"https:\/\/erply.haidak.eu\/fi\/6-kuukautta-ilmaista-pidennettya-takuuta\/","title":{"rendered":"6 kuukautta ilmaista pidennetty\u00e4 takuuta"},"content":{"rendered":"<div class=\"wpb-content-wrapper\"><p>[vc_row][vc_column][vc_column_text css=&#8221;&#8221; woodmart_inline=&#8221;no&#8221; text_larger=&#8221;no&#8221;]<\/p>\n<h2>6 Kuukautta Ilmaista Pidennetty\u00e4 Takuuta<\/h2>\n<p>Voltriden 6 kuukauden ilmainen pidennetty takuu on kampanjapohjainen lis\u00e4takuu, joka antaa sinulle tavallista enemm\u00e4n turvaa. Se pident\u00e4\u00e4 lakis\u00e4\u00e4teisi\u00e4 oikeuksiasi sek\u00e4 Voltriden kuluttajatakuuta 6 kuukaudella.<\/p>\n<p>Pidennetty takuu ei korvaa eik\u00e4 rajoita lakis\u00e4\u00e4teisi\u00e4 kuluttajaoikeuksiasi \u2013 ne ovat aina voimassa lain mukaisesti.<\/p>\n<p>Kaikki <span style=\"text-decoration: underline;\"><a href=\"\/consumer-warranty\/\">Voltriden kuluttajatakuun<\/a><\/span> ehdot, mukaan lukien huoltovaatimukset ja takuuehdot, koskevat my\u00f6s pidennetty\u00e4 takuuta.<\/p>\n<p>Pidennetty takuu koskee ainoastaan henkil\u00f6kohtaiseen k\u00e4ytt\u00f6\u00f6n ostettuja tuotteita eik\u00e4 ole voimassa kaupalliseen k\u00e4ytt\u00f6\u00f6n hankituissa tuotteissa.<\/p>\n<p>Voltriden 6 kuukauden ilmainen pidennetty takuu on tarkoitettu ensikertalaisille yksityisasiakkaille, jotka:<br \/>\n\u2022 luovat tilin verkkosivustolla Voltride.com ja<br \/>\n\u2022 tilaavat Voltriden uutiskirjeen.<\/p>\n<p>Ilmainen pidennetty takuu on voimassa ainoastaan niin kauan kuin olet Voltriden uutiskirjeen tilaaja.<\/p>\n<p>Jos p\u00e4\u00e4t\u00e4t peruuttaa uutiskirjeen tilauksen:<br \/>\n\u2022 ilmainen pidennetty takuu p\u00e4\u00e4ttyy;<br \/>\n\u2022 lakis\u00e4\u00e4teiset kuluttajaoikeutesi ja Voltriden kuluttajatakuu pysyv\u00e4t t\u00e4ysim\u00e4\u00e4r\u00e4isesti voimassa.<\/p>\n<p>T\u00e4t\u00e4 takuuta tulee tarkastella yhdess\u00e4 Voltriden <a href=\"https:\/\/erply.haidak.eu\/fi\/kayttoehdot\/\"><span style=\"text-decoration: underline;\">myyntiehtojen kanssa<\/span><\/a>.[\/vc_column_text][\/vc_column][\/vc_row]<\/p>\n<\/div>","protected":false},"excerpt":{"rendered":"<p>Voltriden 6 kuukauden ilmainen pidennetty takuu tuo lis\u00e4turvaa uudelle ajoneuvollesi.<\/p>\n","protected":false},"featured_media":12299,"comment_status":"closed","ping_status":"closed","template":"","meta":[],"product_brand":[],"product_cat":[752],"product_tag":[],"class_list":{"0":"post-12300","1":"product","2":"type-product","3":"status-publish","4":"has-post-thumbnail","6":"product_cat-huolto","8":"first","9":"instock","10":"taxable","11":"shipping-taxable","12":"purchasable","13":"product-type-simple"},"yoast_head":"<!-- This site is optimized with the Yoast SEO Premium plugin v26.6 (Yoast SEO v27.2) - https:\/\/yoast.com\/product\/yoast-seo-premium-wordpress\/ -->\n<title>6 kuukautta ilmaista pidennetty\u00e4 takuuta | Voltride<\/title>\n<meta name=\"robots\" content=\"noindex, follow, max-snippet:-1, max-image-preview:large, max-video-preview:-1\" \/>\n<meta property=\"og:locale\" content=\"fi_FI\" \/>\n<meta property=\"og:type\" content=\"article\" \/>\n<meta property=\"og:title\" content=\"6 kuukautta ilmaista pidennetty\u00e4 takuuta | Voltride\" \/>\n<meta property=\"og:description\" content=\"Voltriden 6 kuukauden ilmainen pidennetty takuu tuo lis\u00e4turvaa uudelle ajoneuvollesi.\" \/>\n<meta property=\"og:url\" content=\"https:\/\/erply.haidak.eu\/fi\/6-kuukautta-ilmaista-pidennettya-takuuta\/\" \/>\n<meta property=\"og:site_name\" content=\"Voltride\" \/>\n<meta property=\"article:modified_time\" content=\"2026-04-21T14:40:05+00:00\" \/>\n<meta property=\"og:image\" content=\"https:\/\/erply.haidak.eu\/wp-content\/uploads\/2026\/02\/6-month-free-extended-warranty.png\" \/>\n\t<meta property=\"og:image:width\" content=\"1200\" \/>\n\t<meta property=\"og:image:height\" content=\"1200\" \/>\n\t<meta property=\"og:image:type\" content=\"image\/png\" \/>\n<meta name=\"twitter:card\" content=\"summary_large_image\" \/>\n<script type=\"application\/ld+json\" class=\"yoast-schema-graph\">{\"@context\":\"https:\/\/schema.org\",\"@graph\":[{\"@type\":\"WebPage\",\"@id\":\"https:\/\/erply.haidak.eu\/fi\/6-kuukautta-ilmaista-pidennettya-takuuta\/\",\"url\":\"https:\/\/erply.haidak.eu\/fi\/6-kuukautta-ilmaista-pidennettya-takuuta\/\",\"name\":\"6 kuukautta ilmaista pidennetty\u00e4 takuuta | Voltride\",\"isPartOf\":{\"@id\":\"https:\/\/erply.haidak.eu\/fi\/#website\"},\"primaryImageOfPage\":{\"@id\":\"https:\/\/erply.haidak.eu\/fi\/6-kuukautta-ilmaista-pidennettya-takuuta\/#primaryimage\"},\"image\":{\"@id\":\"https:\/\/erply.haidak.eu\/fi\/6-kuukautta-ilmaista-pidennettya-takuuta\/#primaryimage\"},\"thumbnailUrl\":\"https:\/\/erply.haidak.eu\/wp-content\/uploads\/2026\/02\/6-month-free-extended-warranty.png\",\"datePublished\":\"2026-02-03T19:46:17+00:00\",\"dateModified\":\"2026-04-21T14:40:05+00:00\",\"breadcrumb\":{\"@id\":\"https:\/\/erply.haidak.eu\/fi\/6-kuukautta-ilmaista-pidennettya-takuuta\/#breadcrumb\"},\"inLanguage\":\"fi\",\"potentialAction\":[{\"@type\":\"ReadAction\",\"target\":[\"https:\/\/erply.haidak.eu\/fi\/6-kuukautta-ilmaista-pidennettya-takuuta\/\"]}]},{\"@type\":\"ImageObject\",\"inLanguage\":\"fi\",\"@id\":\"https:\/\/erply.haidak.eu\/fi\/6-kuukautta-ilmaista-pidennettya-takuuta\/#primaryimage\",\"url\":\"https:\/\/erply.haidak.eu\/wp-content\/uploads\/2026\/02\/6-month-free-extended-warranty.png\",\"contentUrl\":\"https:\/\/erply.haidak.eu\/wp-content\/uploads\/2026\/02\/6-month-free-extended-warranty.png\",\"width\":1200,\"height\":1200,\"caption\":\"Voltride 6 kuukauden ilmaisen pidennetyn takuun ikoni\"},{\"@type\":\"BreadcrumbList\",\"@id\":\"https:\/\/erply.haidak.eu\/fi\/6-kuukautta-ilmaista-pidennettya-takuuta\/#breadcrumb\",\"itemListElement\":[{\"@type\":\"ListItem\",\"position\":1,\"name\":\"Home\",\"item\":\"https:\/\/erply.haidak.eu\/fi\/\"},{\"@type\":\"ListItem\",\"position\":2,\"name\":\"Kauppa\",\"item\":\"https:\/\/erply.haidak.eu\/fi\/kauppa\/\"},{\"@type\":\"ListItem\",\"position\":3,\"name\":\"Huolto\",\"item\":\"https:\/\/erply.haidak.eu\/fi\/huolto\/\"},{\"@type\":\"ListItem\",\"position\":4,\"name\":\"6 kuukautta ilmaista pidennetty\u00e4 takuuta\"}]},{\"@type\":\"WebSite\",\"@id\":\"https:\/\/erply.haidak.eu\/fi\/#website\",\"url\":\"https:\/\/erply.haidak.eu\/fi\/\",\"name\":\"Voltride\",\"description\":\"Parim elektrirataste elektrit\u00f5ukside ja \u00fcksrataste pood ja remont\",\"publisher\":{\"@id\":\"https:\/\/erply.haidak.eu\/fi\/#organization\"},\"alternateName\":\"Vr\",\"potentialAction\":[{\"@type\":\"SearchAction\",\"target\":{\"@type\":\"EntryPoint\",\"urlTemplate\":\"https:\/\/erply.haidak.eu\/fi\/?s={search_term_string}\"},\"query-input\":{\"@type\":\"PropertyValueSpecification\",\"valueRequired\":true,\"valueName\":\"search_term_string\"}}],\"inLanguage\":\"fi\"},{\"@type\":[\"Organization\",\"Place\"],\"@id\":\"https:\/\/erply.haidak.eu\/fi\/#organization\",\"name\":\"Voltride\",\"alternateName\":\"VR\",\"url\":\"https:\/\/erply.haidak.eu\/fi\/\",\"logo\":{\"@id\":\"https:\/\/erply.haidak.eu\/fi\/6-kuukautta-ilmaista-pidennettya-takuuta\/#local-main-organization-logo\"},\"image\":{\"@id\":\"https:\/\/erply.haidak.eu\/fi\/6-kuukautta-ilmaista-pidennettya-takuuta\/#local-main-organization-logo\"},\"legalName\":\"Voltride O\u00dc\",\"numberOfEmployees\":{\"@type\":\"QuantitativeValue\",\"minValue\":\"1\",\"maxValue\":\"10\"},\"ownershipFundingInfo\":\"https:\/\/erply.haidak.eu\/about-us\/\",\"address\":{\"@id\":\"https:\/\/erply.haidak.eu\/fi\/6-kuukautta-ilmaista-pidennettya-takuuta\/#local-main-place-address\"},\"geo\":{\"@type\":\"GeoCoordinates\",\"latitude\":\"59.439554\",\"longitude\":\"24.726644\"},\"telephone\":[\"+372 600 40 99\"],\"contactPoint\":{\"@type\":\"ContactPoint\",\"telephone\":\"+372 600 40 99\",\"email\":\"info@voltride.com\"},\"openingHoursSpecification\":[{\"@type\":\"OpeningHoursSpecification\",\"dayOfWeek\":[\"Monday\",\"Tuesday\",\"Wednesday\",\"Thursday\",\"Friday\"],\"opens\":\"10:00\",\"closes\":\"18:00\"},{\"@type\":\"OpeningHoursSpecification\",\"dayOfWeek\":[\"Saturday\",\"Sunday\"],\"opens\":\"00:00\",\"closes\":\"00:00\"}],\"email\":\"info@voltride.com\",\"taxID\":\"14871968\"},{\"@type\":\"PostalAddress\",\"@id\":\"https:\/\/erply.haidak.eu\/fi\/6-kuukautta-ilmaista-pidennettya-takuuta\/#local-main-place-address\",\"streetAddress\":\"Voltride Telliskivi 57D\",\"addressLocality\":\"Tallinn\",\"postalCode\":\"10412\",\"addressRegion\":\"Tallinn\",\"addressCountry\":\"EE\"},{\"@type\":\"ImageObject\",\"inLanguage\":\"fi\",\"@id\":\"https:\/\/erply.haidak.eu\/fi\/6-kuukautta-ilmaista-pidennettya-takuuta\/#local-main-organization-logo\",\"url\":\"https:\/\/erply.haidak.eu\/wp-content\/uploads\/voltride-logo.png\",\"contentUrl\":\"https:\/\/erply.haidak.eu\/wp-content\/uploads\/voltride-logo.png\",\"width\":2481,\"height\":620,\"caption\":\"Voltride\"}]}<\/script>\n<meta property=\"product:price:amount\" content=\"0.00\" \/>\n<meta property=\"product:price:currency\" content=\"EUR\" \/>\n<meta property=\"og:availability\" content=\"instock\" \/>\n<meta property=\"product:availability\" content=\"instock\" \/>\n<meta property=\"product:retailer_item_id\" content=\"VRGA-FREE-6M\" \/>\n<meta property=\"product:condition\" content=\"new\" \/>\n<meta name=\"geo.placename\" content=\"Tallinn\" \/>\n<meta name=\"geo.position\" content=\"59.439554;24.726644\" \/>\n<meta name=\"geo.region\" content=\"Viro\" \/>\n<!-- \/ Yoast SEO Premium plugin. -->","yoast_head_json":{"title":"6 kuukautta ilmaista pidennetty\u00e4 takuuta | Voltride","robots":{"index":"noindex","follow":"follow","max-snippet":"max-snippet:-1","max-image-preview":"max-image-preview:large","max-video-preview":"max-video-preview:-1"},"og_locale":"fi_FI","og_type":"article","og_title":"6 kuukautta ilmaista pidennetty\u00e4 takuuta | Voltride","og_description":"Voltriden 6 kuukauden ilmainen pidennetty takuu tuo lis\u00e4turvaa uudelle ajoneuvollesi.","og_url":"https:\/\/erply.haidak.eu\/fi\/6-kuukautta-ilmaista-pidennettya-takuuta\/","og_site_name":"Voltride","article_modified_time":"2026-04-21T14:40:05+00:00","og_image":[{"width":1200,"height":1200,"url":"https:\/\/erply.haidak.eu\/wp-content\/uploads\/2026\/02\/6-month-free-extended-warranty.png","type":"image\/png"}],"twitter_card":"summary_large_image","schema":{"@context":"https:\/\/schema.org","@graph":[{"@type":"WebPage","@id":"https:\/\/erply.haidak.eu\/fi\/6-kuukautta-ilmaista-pidennettya-takuuta\/","url":"https:\/\/erply.haidak.eu\/fi\/6-kuukautta-ilmaista-pidennettya-takuuta\/","name":"6 kuukautta ilmaista pidennetty\u00e4 takuuta | Voltride","isPartOf":{"@id":"https:\/\/erply.haidak.eu\/fi\/#website"},"primaryImageOfPage":{"@id":"https:\/\/erply.haidak.eu\/fi\/6-kuukautta-ilmaista-pidennettya-takuuta\/#primaryimage"},"image":{"@id":"https:\/\/erply.haidak.eu\/fi\/6-kuukautta-ilmaista-pidennettya-takuuta\/#primaryimage"},"thumbnailUrl":"https:\/\/erply.haidak.eu\/wp-content\/uploads\/2026\/02\/6-month-free-extended-warranty.png","datePublished":"2026-02-03T19:46:17+00:00","dateModified":"2026-04-21T14:40:05+00:00","breadcrumb":{"@id":"https:\/\/erply.haidak.eu\/fi\/6-kuukautta-ilmaista-pidennettya-takuuta\/#breadcrumb"},"inLanguage":"fi","potentialAction":[{"@type":"ReadAction","target":["https:\/\/erply.haidak.eu\/fi\/6-kuukautta-ilmaista-pidennettya-takuuta\/"]}]},{"@type":"ImageObject","inLanguage":"fi","@id":"https:\/\/erply.haidak.eu\/fi\/6-kuukautta-ilmaista-pidennettya-takuuta\/#primaryimage","url":"https:\/\/erply.haidak.eu\/wp-content\/uploads\/2026\/02\/6-month-free-extended-warranty.png","contentUrl":"https:\/\/erply.haidak.eu\/wp-content\/uploads\/2026\/02\/6-month-free-extended-warranty.png","width":1200,"height":1200,"caption":"Voltride 6 kuukauden ilmaisen pidennetyn takuun ikoni"},{"@type":"BreadcrumbList","@id":"https:\/\/erply.haidak.eu\/fi\/6-kuukautta-ilmaista-pidennettya-takuuta\/#breadcrumb","itemListElement":[{"@type":"ListItem","position":1,"name":"Home","item":"https:\/\/erply.haidak.eu\/fi\/"},{"@type":"ListItem","position":2,"name":"Kauppa","item":"https:\/\/erply.haidak.eu\/fi\/kauppa\/"},{"@type":"ListItem","position":3,"name":"Huolto","item":"https:\/\/erply.haidak.eu\/fi\/huolto\/"},{"@type":"ListItem","position":4,"name":"6 kuukautta ilmaista pidennetty\u00e4 takuuta"}]},{"@type":"WebSite","@id":"https:\/\/erply.haidak.eu\/fi\/#website","url":"https:\/\/erply.haidak.eu\/fi\/","name":"Voltride","description":"Parim elektrirataste elektrit\u00f5ukside ja \u00fcksrataste pood ja remont","publisher":{"@id":"https:\/\/erply.haidak.eu\/fi\/#organization"},"alternateName":"Vr","potentialAction":[{"@type":"SearchAction","target":{"@type":"EntryPoint","urlTemplate":"https:\/\/erply.haidak.eu\/fi\/?s={search_term_string}"},"query-input":{"@type":"PropertyValueSpecification","valueRequired":true,"valueName":"search_term_string"}}],"inLanguage":"fi"},{"@type":["Organization","Place"],"@id":"https:\/\/erply.haidak.eu\/fi\/#organization","name":"Voltride","alternateName":"VR","url":"https:\/\/erply.haidak.eu\/fi\/","logo":{"@id":"https:\/\/erply.haidak.eu\/fi\/6-kuukautta-ilmaista-pidennettya-takuuta\/#local-main-organization-logo"},"image":{"@id":"https:\/\/erply.haidak.eu\/fi\/6-kuukautta-ilmaista-pidennettya-takuuta\/#local-main-organization-logo"},"legalName":"Voltride O\u00dc","numberOfEmployees":{"@type":"QuantitativeValue","minValue":"1","maxValue":"10"},"ownershipFundingInfo":"https:\/\/erply.haidak.eu\/about-us\/","address":{"@id":"https:\/\/erply.haidak.eu\/fi\/6-kuukautta-ilmaista-pidennettya-takuuta\/#local-main-place-address"},"geo":{"@type":"GeoCoordinates","latitude":"59.439554","longitude":"24.726644"},"telephone":["+372 600 40 99"],"contactPoint":{"@type":"ContactPoint","telephone":"+372 600 40 99","email":"info@voltride.com"},"openingHoursSpecification":[{"@type":"OpeningHoursSpecification","dayOfWeek":["Monday","Tuesday","Wednesday","Thursday","Friday"],"opens":"10:00","closes":"18:00"},{"@type":"OpeningHoursSpecification","dayOfWeek":["Saturday","Sunday"],"opens":"00:00","closes":"00:00"}],"email":"info@voltride.com","taxID":"14871968"},{"@type":"PostalAddress","@id":"https:\/\/erply.haidak.eu\/fi\/6-kuukautta-ilmaista-pidennettya-takuuta\/#local-main-place-address","streetAddress":"Voltride Telliskivi 57D","addressLocality":"Tallinn","postalCode":"10412","addressRegion":"Tallinn","addressCountry":"EE"},{"@type":"ImageObject","inLanguage":"fi","@id":"https:\/\/erply.haidak.eu\/fi\/6-kuukautta-ilmaista-pidennettya-takuuta\/#local-main-organization-logo","url":"https:\/\/erply.haidak.eu\/wp-content\/uploads\/voltride-logo.png","contentUrl":"https:\/\/erply.haidak.eu\/wp-content\/uploads\/voltride-logo.png","width":2481,"height":620,"caption":"Voltride"}]},"product_price_amount":"0.00","product_price_currency":"EUR","og_availability":"instock","product_availability":"instock","product_retailer_item_id":"VRGA-FREE-6M","product_condition":"new","geo.placename":"Tallinn","geo.position":{"lat":"59.439554","long":"24.726644"},"geo.region":"Viro"},"_links":{"self":[{"href":"https:\/\/erply.haidak.eu\/fi\/wp-json\/wp\/v2\/product\/12300","targetHints":{"allow":["GET"]}}],"collection":[{"href":"https:\/\/erply.haidak.eu\/fi\/wp-json\/wp\/v2\/product"}],"about":[{"href":"https:\/\/erply.haidak.eu\/fi\/wp-json\/wp\/v2\/types\/product"}],"replies":[{"embeddable":true,"href":"https:\/\/erply.haidak.eu\/fi\/wp-json\/wp\/v2\/comments?post=12300"}],"wp:featuredmedia":[{"embeddable":true,"href":"https:\/\/erply.haidak.eu\/fi\/wp-json\/wp\/v2\/media\/12299"}],"wp:attachment":[{"href":"https:\/\/erply.haidak.eu\/fi\/wp-json\/wp\/v2\/media?parent=12300"}],"wp:term":[{"taxonomy":"product_brand","embeddable":true,"href":"https:\/\/erply.haidak.eu\/fi\/wp-json\/wp\/v2\/product_brand?post=12300"},{"taxonomy":"product_cat","embeddable":true,"href":"https:\/\/erply.haidak.eu\/fi\/wp-json\/wp\/v2\/product_cat?post=12300"},{"taxonomy":"product_tag","embeddable":true,"href":"https:\/\/erply.haidak.eu\/fi\/wp-json\/wp\/v2\/product_tag?post=12300"}],"curies":[{"name":"wp","href":"https:\/\/api.w.org\/{rel}","templated":true}]}}