{"id":16732,"date":"2026-03-15T23:47:28","date_gmt":"2026-03-15T21:47:28","guid":{"rendered":"https:\/\/erply.haidak.eu\/rehv-9x3-5-5\/"},"modified":"2026-04-16T12:44:51","modified_gmt":"2026-04-16T10:44:51","slug":"rehv-9x3-5-5","status":"publish","type":"product","link":"https:\/\/erply.haidak.eu\/et\/rehv-9x3-5-5\/","title":{"rendered":"Rehv 9&#215;3-5.5"},"content":{"rendered":"<h2>Varuosa: Rehv 9&#215;3-5.5<\/h2>\n<p>See varuosa sobib j\u00e4rgnevatele mudelitele:&nbsp;<\/p>\n<p>Kui te ei ole kindel, kas see varuosa sobib teie rattale v\u00f5i mitte, siis kirjutage meile aadressil <a href=\"mailto:remont@voltride.com\" >remont@voltride.com<\/a>. Aitame teid hea meelega.<\/p>\n<p>Varuosa tootja: CST<\/p>\n<h2>Rohkem br\u00e4ndi CST varuosi on leitavad <a href=\"https:\/\/voltride.com\/electric-scooter-spare-parts\/?filter=1&amp;pa_brand=Kaabo Mantis 8 Tire 8.5x3-5&amp;really_curr_tax=232-product_cat\" >siin<\/a><\/h2>\n<p>K\u00f5ik meie m\u00fc\u00fcdavad varuosad on olemas meie Tallinnas, aadressil Telliskivi 57D asuvas laos.<\/p>\n<h2>Kas teil on raskusi \u00f5ige varuosa leidmisega?<\/h2>\n<p>Kirjutage meile v\u00f5i helistage numbril <a href=\"tel:+3726004099\" >+372 600 40 99<\/a> ja aitame teil vajaliku varuosa leida!<\/p>\n","protected":false},"excerpt":{"rendered":"<p>Varuosa: Rehv 9&#215;3-5.5 See varuosa sobib j\u00e4rgnevatele mudelitele:&nbsp; Kui te ei ole kindel, kas see varuosa sobib teie rattale v\u00f5i<\/p>\n","protected":false},"featured_media":13842,"comment_status":"open","ping_status":"closed","template":"","meta":[],"product_brand":[],"product_cat":[1368],"product_tag":[1270],"class_list":{"0":"post-16732","1":"product","2":"type-product","3":"status-publish","4":"has-post-thumbnail","6":"product_cat-electric-scooter-tires","7":"product_tag-kaabo-mantis-8","9":"first","10":"instock","11":"taxable","12":"shipping-taxable","13":"purchasable","14":"product-type-simple"},"yoast_head":"<!-- This site is optimized with the Yoast SEO Premium plugin v26.6 (Yoast SEO v27.2) - https:\/\/yoast.com\/product\/yoast-seo-premium-wordpress\/ -->\n<title>Rehv 9x3-5.5 | Voltride<\/title>\n<meta name=\"robots\" content=\"noindex, follow, max-snippet:-1, max-image-preview:large, max-video-preview:-1\" \/>\n<meta property=\"og:locale\" content=\"et_EE\" \/>\n<meta property=\"og:type\" content=\"article\" \/>\n<meta property=\"og:title\" content=\"Rehv 9x3-5.5 | Voltride\" \/>\n<meta property=\"og:description\" content=\"Varuosa: Rehv 9&#215;3-5.5 See varuosa sobib j\u00e4rgnevatele mudelitele:&nbsp; Kui te ei ole kindel, kas see varuosa sobib teie rattale v\u00f5i\" \/>\n<meta property=\"og:url\" content=\"https:\/\/erply.haidak.eu\/et\/rehv-9x3-5-5\/\" \/>\n<meta property=\"og:site_name\" content=\"Voltride\" \/>\n<meta property=\"article:modified_time\" content=\"2026-04-16T10:44:51+00:00\" \/>\n<meta property=\"og:image\" content=\"https:\/\/erply.haidak.eu\/wp-content\/uploads\/2026\/03\/ottr003.jpg\" \/>\n\t<meta property=\"og:image:width\" content=\"1161\" \/>\n\t<meta property=\"og:image:height\" content=\"1161\" \/>\n\t<meta property=\"og:image:type\" content=\"image\/jpeg\" \/>\n<meta name=\"twitter:card\" content=\"summary_large_image\" \/>\n<script type=\"application\/ld+json\" class=\"yoast-schema-graph\">{\"@context\":\"https:\/\/schema.org\",\"@graph\":[{\"@type\":\"WebPage\",\"@id\":\"https:\/\/erply.haidak.eu\/et\/rehv-9x3-5-5\/\",\"url\":\"https:\/\/erply.haidak.eu\/et\/rehv-9x3-5-5\/\",\"name\":\"Rehv 9x3-5.5 | Voltride\",\"isPartOf\":{\"@id\":\"https:\/\/erply.haidak.eu\/et\/#website\"},\"primaryImageOfPage\":{\"@id\":\"https:\/\/erply.haidak.eu\/et\/rehv-9x3-5-5\/#primaryimage\"},\"image\":{\"@id\":\"https:\/\/erply.haidak.eu\/et\/rehv-9x3-5-5\/#primaryimage\"},\"thumbnailUrl\":\"https:\/\/erply.haidak.eu\/wp-content\/uploads\/2026\/03\/ottr003.jpg\",\"datePublished\":\"2026-03-15T21:47:28+00:00\",\"dateModified\":\"2026-04-16T10:44:51+00:00\",\"breadcrumb\":{\"@id\":\"https:\/\/erply.haidak.eu\/et\/rehv-9x3-5-5\/#breadcrumb\"},\"inLanguage\":\"et\",\"potentialAction\":[{\"@type\":\"ReadAction\",\"target\":[\"https:\/\/erply.haidak.eu\/et\/rehv-9x3-5-5\/\"]}]},{\"@type\":\"ImageObject\",\"inLanguage\":\"et\",\"@id\":\"https:\/\/erply.haidak.eu\/et\/rehv-9x3-5-5\/#primaryimage\",\"url\":\"https:\/\/erply.haidak.eu\/wp-content\/uploads\/2026\/03\/ottr003.jpg\",\"contentUrl\":\"https:\/\/erply.haidak.eu\/wp-content\/uploads\/2026\/03\/ottr003.jpg\",\"width\":1161,\"height\":1161},{\"@type\":\"BreadcrumbList\",\"@id\":\"https:\/\/erply.haidak.eu\/et\/rehv-9x3-5-5\/#breadcrumb\",\"itemListElement\":[{\"@type\":\"ListItem\",\"position\":1,\"name\":\"Home\",\"item\":\"https:\/\/erply.haidak.eu\/et\/\"},{\"@type\":\"ListItem\",\"position\":2,\"name\":\"Pood\",\"item\":\"https:\/\/erply.haidak.eu\/et\/pood\/\"},{\"@type\":\"ListItem\",\"position\":3,\"name\":\"Spare Parts\",\"item\":\"https:\/\/erply.haidak.eu\/et\/spare-parts\/\"},{\"@type\":\"ListItem\",\"position\":4,\"name\":\"Tires\",\"item\":\"https:\/\/erply.haidak.eu\/et\/tires\/\"},{\"@type\":\"ListItem\",\"position\":5,\"name\":\"Electric Scooter Tires\",\"item\":\"https:\/\/erply.haidak.eu\/et\/electric-scooter-tires\/\"},{\"@type\":\"ListItem\",\"position\":6,\"name\":\"Rehv 9&#215;3-5.5\"}]},{\"@type\":\"WebSite\",\"@id\":\"https:\/\/erply.haidak.eu\/et\/#website\",\"url\":\"https:\/\/erply.haidak.eu\/et\/\",\"name\":\"Voltride\",\"description\":\"Parim elektrirataste elektrit\u00f5ukside ja \u00fcksrataste pood ja remont\",\"publisher\":{\"@id\":\"https:\/\/erply.haidak.eu\/et\/#organization\"},\"alternateName\":\"Vr\",\"potentialAction\":[{\"@type\":\"SearchAction\",\"target\":{\"@type\":\"EntryPoint\",\"urlTemplate\":\"https:\/\/erply.haidak.eu\/et\/?s={search_term_string}\"},\"query-input\":{\"@type\":\"PropertyValueSpecification\",\"valueRequired\":true,\"valueName\":\"search_term_string\"}}],\"inLanguage\":\"et\"},{\"@type\":[\"Organization\",\"Place\"],\"@id\":\"https:\/\/erply.haidak.eu\/et\/#organization\",\"name\":\"Voltride\",\"alternateName\":\"VR\",\"url\":\"https:\/\/erply.haidak.eu\/et\/\",\"logo\":{\"@id\":\"https:\/\/erply.haidak.eu\/et\/rehv-9x3-5-5\/#local-main-organization-logo\"},\"image\":{\"@id\":\"https:\/\/erply.haidak.eu\/et\/rehv-9x3-5-5\/#local-main-organization-logo\"},\"legalName\":\"Voltride O\u00dc\",\"numberOfEmployees\":{\"@type\":\"QuantitativeValue\",\"minValue\":\"1\",\"maxValue\":\"10\"},\"ownershipFundingInfo\":\"https:\/\/erply.haidak.eu\/about-us\/\",\"address\":{\"@id\":\"https:\/\/erply.haidak.eu\/et\/rehv-9x3-5-5\/#local-main-place-address\"},\"geo\":{\"@type\":\"GeoCoordinates\",\"latitude\":\"59.439554\",\"longitude\":\"24.726644\"},\"telephone\":[\"+372 600 40 99\"],\"contactPoint\":{\"@type\":\"ContactPoint\",\"telephone\":\"+372 600 40 99\",\"email\":\"info@voltride.com\"},\"openingHoursSpecification\":[{\"@type\":\"OpeningHoursSpecification\",\"dayOfWeek\":[\"Monday\",\"Tuesday\",\"Wednesday\",\"Thursday\",\"Friday\"],\"opens\":\"10:00\",\"closes\":\"18:00\"},{\"@type\":\"OpeningHoursSpecification\",\"dayOfWeek\":[\"Saturday\",\"Sunday\"],\"opens\":\"00:00\",\"closes\":\"00:00\"}],\"email\":\"info@voltride.com\",\"taxID\":\"14871968\"},{\"@type\":\"PostalAddress\",\"@id\":\"https:\/\/erply.haidak.eu\/et\/rehv-9x3-5-5\/#local-main-place-address\",\"streetAddress\":\"Voltride Telliskivi 57D\",\"addressLocality\":\"Tallinn\",\"postalCode\":\"10412\",\"addressRegion\":\"Tallinn\",\"addressCountry\":\"EE\"},{\"@type\":\"ImageObject\",\"inLanguage\":\"et\",\"@id\":\"https:\/\/erply.haidak.eu\/et\/rehv-9x3-5-5\/#local-main-organization-logo\",\"url\":\"https:\/\/erply.haidak.eu\/wp-content\/uploads\/voltride-logo.png\",\"contentUrl\":\"https:\/\/erply.haidak.eu\/wp-content\/uploads\/voltride-logo.png\",\"width\":2481,\"height\":620,\"caption\":\"Voltride\"}]}<\/script>\n<meta property=\"product:price:amount\" content=\"0.00\" \/>\n<meta property=\"product:price:currency\" content=\"EUR\" \/>\n<meta property=\"og:availability\" content=\"instock\" \/>\n<meta property=\"product:availability\" content=\"instock\" \/>\n<meta property=\"product:retailer_item_id\" content=\"OTTR003\" \/>\n<meta property=\"product:condition\" content=\"new\" \/>\n<meta name=\"geo.placename\" content=\"Tallinn\" \/>\n<meta name=\"geo.position\" content=\"59.439554;24.726644\" \/>\n<meta name=\"geo.region\" content=\"Estonia\" \/>\n<!-- \/ Yoast SEO Premium plugin. -->","yoast_head_json":{"title":"Rehv 9x3-5.5 | Voltride","robots":{"index":"noindex","follow":"follow","max-snippet":"max-snippet:-1","max-image-preview":"max-image-preview:large","max-video-preview":"max-video-preview:-1"},"og_locale":"et_EE","og_type":"article","og_title":"Rehv 9x3-5.5 | Voltride","og_description":"Varuosa: Rehv 9&#215;3-5.5 See varuosa sobib j\u00e4rgnevatele mudelitele:&nbsp; Kui te ei ole kindel, kas see varuosa sobib teie rattale v\u00f5i","og_url":"https:\/\/erply.haidak.eu\/et\/rehv-9x3-5-5\/","og_site_name":"Voltride","article_modified_time":"2026-04-16T10:44:51+00:00","og_image":[{"width":1161,"height":1161,"url":"https:\/\/erply.haidak.eu\/wp-content\/uploads\/2026\/03\/ottr003.jpg","type":"image\/jpeg"}],"twitter_card":"summary_large_image","schema":{"@context":"https:\/\/schema.org","@graph":[{"@type":"WebPage","@id":"https:\/\/erply.haidak.eu\/et\/rehv-9x3-5-5\/","url":"https:\/\/erply.haidak.eu\/et\/rehv-9x3-5-5\/","name":"Rehv 9x3-5.5 | Voltride","isPartOf":{"@id":"https:\/\/erply.haidak.eu\/et\/#website"},"primaryImageOfPage":{"@id":"https:\/\/erply.haidak.eu\/et\/rehv-9x3-5-5\/#primaryimage"},"image":{"@id":"https:\/\/erply.haidak.eu\/et\/rehv-9x3-5-5\/#primaryimage"},"thumbnailUrl":"https:\/\/erply.haidak.eu\/wp-content\/uploads\/2026\/03\/ottr003.jpg","datePublished":"2026-03-15T21:47:28+00:00","dateModified":"2026-04-16T10:44:51+00:00","breadcrumb":{"@id":"https:\/\/erply.haidak.eu\/et\/rehv-9x3-5-5\/#breadcrumb"},"inLanguage":"et","potentialAction":[{"@type":"ReadAction","target":["https:\/\/erply.haidak.eu\/et\/rehv-9x3-5-5\/"]}]},{"@type":"ImageObject","inLanguage":"et","@id":"https:\/\/erply.haidak.eu\/et\/rehv-9x3-5-5\/#primaryimage","url":"https:\/\/erply.haidak.eu\/wp-content\/uploads\/2026\/03\/ottr003.jpg","contentUrl":"https:\/\/erply.haidak.eu\/wp-content\/uploads\/2026\/03\/ottr003.jpg","width":1161,"height":1161},{"@type":"BreadcrumbList","@id":"https:\/\/erply.haidak.eu\/et\/rehv-9x3-5-5\/#breadcrumb","itemListElement":[{"@type":"ListItem","position":1,"name":"Home","item":"https:\/\/erply.haidak.eu\/et\/"},{"@type":"ListItem","position":2,"name":"Pood","item":"https:\/\/erply.haidak.eu\/et\/pood\/"},{"@type":"ListItem","position":3,"name":"Spare Parts","item":"https:\/\/erply.haidak.eu\/et\/spare-parts\/"},{"@type":"ListItem","position":4,"name":"Tires","item":"https:\/\/erply.haidak.eu\/et\/tires\/"},{"@type":"ListItem","position":5,"name":"Electric Scooter Tires","item":"https:\/\/erply.haidak.eu\/et\/electric-scooter-tires\/"},{"@type":"ListItem","position":6,"name":"Rehv 9&#215;3-5.5"}]},{"@type":"WebSite","@id":"https:\/\/erply.haidak.eu\/et\/#website","url":"https:\/\/erply.haidak.eu\/et\/","name":"Voltride","description":"Parim elektrirataste elektrit\u00f5ukside ja \u00fcksrataste pood ja remont","publisher":{"@id":"https:\/\/erply.haidak.eu\/et\/#organization"},"alternateName":"Vr","potentialAction":[{"@type":"SearchAction","target":{"@type":"EntryPoint","urlTemplate":"https:\/\/erply.haidak.eu\/et\/?s={search_term_string}"},"query-input":{"@type":"PropertyValueSpecification","valueRequired":true,"valueName":"search_term_string"}}],"inLanguage":"et"},{"@type":["Organization","Place"],"@id":"https:\/\/erply.haidak.eu\/et\/#organization","name":"Voltride","alternateName":"VR","url":"https:\/\/erply.haidak.eu\/et\/","logo":{"@id":"https:\/\/erply.haidak.eu\/et\/rehv-9x3-5-5\/#local-main-organization-logo"},"image":{"@id":"https:\/\/erply.haidak.eu\/et\/rehv-9x3-5-5\/#local-main-organization-logo"},"legalName":"Voltride O\u00dc","numberOfEmployees":{"@type":"QuantitativeValue","minValue":"1","maxValue":"10"},"ownershipFundingInfo":"https:\/\/erply.haidak.eu\/about-us\/","address":{"@id":"https:\/\/erply.haidak.eu\/et\/rehv-9x3-5-5\/#local-main-place-address"},"geo":{"@type":"GeoCoordinates","latitude":"59.439554","longitude":"24.726644"},"telephone":["+372 600 40 99"],"contactPoint":{"@type":"ContactPoint","telephone":"+372 600 40 99","email":"info@voltride.com"},"openingHoursSpecification":[{"@type":"OpeningHoursSpecification","dayOfWeek":["Monday","Tuesday","Wednesday","Thursday","Friday"],"opens":"10:00","closes":"18:00"},{"@type":"OpeningHoursSpecification","dayOfWeek":["Saturday","Sunday"],"opens":"00:00","closes":"00:00"}],"email":"info@voltride.com","taxID":"14871968"},{"@type":"PostalAddress","@id":"https:\/\/erply.haidak.eu\/et\/rehv-9x3-5-5\/#local-main-place-address","streetAddress":"Voltride Telliskivi 57D","addressLocality":"Tallinn","postalCode":"10412","addressRegion":"Tallinn","addressCountry":"EE"},{"@type":"ImageObject","inLanguage":"et","@id":"https:\/\/erply.haidak.eu\/et\/rehv-9x3-5-5\/#local-main-organization-logo","url":"https:\/\/erply.haidak.eu\/wp-content\/uploads\/voltride-logo.png","contentUrl":"https:\/\/erply.haidak.eu\/wp-content\/uploads\/voltride-logo.png","width":2481,"height":620,"caption":"Voltride"}]},"product_price_amount":"0.00","product_price_currency":"EUR","og_availability":"instock","product_availability":"instock","product_retailer_item_id":"OTTR003","product_condition":"new","geo.placename":"Tallinn","geo.position":{"lat":"59.439554","long":"24.726644"},"geo.region":"Estonia"},"_links":{"self":[{"href":"https:\/\/erply.haidak.eu\/et\/wp-json\/wp\/v2\/product\/16732","targetHints":{"allow":["GET"]}}],"collection":[{"href":"https:\/\/erply.haidak.eu\/et\/wp-json\/wp\/v2\/product"}],"about":[{"href":"https:\/\/erply.haidak.eu\/et\/wp-json\/wp\/v2\/types\/product"}],"replies":[{"embeddable":true,"href":"https:\/\/erply.haidak.eu\/et\/wp-json\/wp\/v2\/comments?post=16732"}],"wp:featuredmedia":[{"embeddable":true,"href":"https:\/\/erply.haidak.eu\/et\/wp-json\/wp\/v2\/media\/13842"}],"wp:attachment":[{"href":"https:\/\/erply.haidak.eu\/et\/wp-json\/wp\/v2\/media?parent=16732"}],"wp:term":[{"taxonomy":"product_brand","embeddable":true,"href":"https:\/\/erply.haidak.eu\/et\/wp-json\/wp\/v2\/product_brand?post=16732"},{"taxonomy":"product_cat","embeddable":true,"href":"https:\/\/erply.haidak.eu\/et\/wp-json\/wp\/v2\/product_cat?post=16732"},{"taxonomy":"product_tag","embeddable":true,"href":"https:\/\/erply.haidak.eu\/et\/wp-json\/wp\/v2\/product_tag?post=16732"}],"curies":[{"name":"wp","href":"https:\/\/api.w.org\/{rel}","templated":true}]}}