{"id":11161,"date":"2025-01-23T10:11:33","date_gmt":"2025-01-23T08:11:33","guid":{"rendered":"https:\/\/erply.haidak.eu\/ostukorv\/"},"modified":"2026-02-10T18:53:39","modified_gmt":"2026-02-10T16:53:39","slug":"ostukorv","status":"publish","type":"page","link":"https:\/\/erply.haidak.eu\/et\/ostukorv\/","title":{"rendered":"Ostukorv"},"content":{"rendered":"\n","protected":false},"excerpt":{"rendered":"","protected":false},"author":1,"featured_media":0,"parent":0,"menu_order":0,"comment_status":"closed","ping_status":"closed","template":"","meta":{"footnotes":""},"class_list":["post-11161","page","type-page","status-publish","hentry"],"yoast_head":"<!-- This site is optimized with the Yoast SEO Premium plugin v26.6 (Yoast SEO v27.2) - https:\/\/yoast.com\/product\/yoast-seo-premium-wordpress\/ -->\n<title>Ostukorv \u2013 vaata oma tellimus \u00fcle &amp; mine maksma | Voltride<\/title>\n<meta name=\"description\" content=\"Vaata oma ostukorv \u00fcle, kontrolli summad ja j\u00e4tka turvalise maksmisega. Kiire tarne ja usaldusv\u00e4\u00e4rne teenindus elektrit\u00f5ukeratastele ja EUC-dele.\" \/>\n<meta name=\"robots\" content=\"noindex, nofollow\" \/>\n<meta property=\"og:locale\" content=\"et_EE\" \/>\n<meta property=\"og:type\" content=\"article\" \/>\n<meta property=\"og:title\" content=\"Ostukorv | Voltride\" \/>\n<meta property=\"og:description\" content=\"Vaata oma ostukorv \u00fcle, kontrolli summad ja j\u00e4tka turvalise maksmisega. Kiire tarne ja usaldusv\u00e4\u00e4rne teenindus elektrit\u00f5ukeratastele ja EUC-dele.\" \/>\n<meta property=\"og:url\" content=\"https:\/\/erply.haidak.eu\/et\/ostukorv\/\" \/>\n<meta property=\"og:site_name\" content=\"Voltride\" \/>\n<meta property=\"article:modified_time\" content=\"2026-02-10T16:53:39+00:00\" \/>\n<meta property=\"og:image\" content=\"https:\/\/erply.haidak.eu\/wp-content\/uploads\/2025\/08\/voltride-share-image-general.jpg\" \/>\n\t<meta property=\"og:image:width\" content=\"1201\" \/>\n\t<meta property=\"og:image:height\" content=\"631\" \/>\n\t<meta property=\"og:image:type\" content=\"image\/jpeg\" \/>\n<meta name=\"twitter:card\" content=\"summary_large_image\" \/>\n<script type=\"application\/ld+json\" class=\"yoast-schema-graph\">{\"@context\":\"https:\/\/schema.org\",\"@graph\":[{\"@type\":\"WebPage\",\"@id\":\"https:\/\/erply.haidak.eu\/et\/ostukorv\/\",\"url\":\"https:\/\/erply.haidak.eu\/et\/ostukorv\/\",\"name\":\"Ostukorv \u2013 vaata oma tellimus \u00fcle & mine maksma | Voltride\",\"isPartOf\":{\"@id\":\"https:\/\/erply.haidak.eu\/et\/#website\"},\"datePublished\":\"2025-01-23T08:11:33+00:00\",\"dateModified\":\"2026-02-10T16:53:39+00:00\",\"description\":\"Vaata oma ostukorv \u00fcle, kontrolli summad ja j\u00e4tka turvalise maksmisega. Kiire tarne ja usaldusv\u00e4\u00e4rne teenindus elektrit\u00f5ukeratastele ja EUC-dele.\",\"breadcrumb\":{\"@id\":\"https:\/\/erply.haidak.eu\/et\/ostukorv\/#breadcrumb\"},\"inLanguage\":\"et\",\"potentialAction\":[{\"@type\":\"ReadAction\",\"target\":[\"https:\/\/erply.haidak.eu\/et\/ostukorv\/\"]}]},{\"@type\":\"BreadcrumbList\",\"@id\":\"https:\/\/erply.haidak.eu\/et\/ostukorv\/#breadcrumb\",\"itemListElement\":[{\"@type\":\"ListItem\",\"position\":1,\"name\":\"Home\",\"item\":\"https:\/\/erply.haidak.eu\/et\/\"},{\"@type\":\"ListItem\",\"position\":2,\"name\":\"Ostukorv\"}]},{\"@type\":\"WebSite\",\"@id\":\"https:\/\/erply.haidak.eu\/et\/#website\",\"url\":\"https:\/\/erply.haidak.eu\/et\/\",\"name\":\"Voltride\",\"description\":\"Parim elektrirataste elektrit\u00f5ukside ja \u00fcksrataste pood ja remont\",\"publisher\":{\"@id\":\"https:\/\/erply.haidak.eu\/et\/#organization\"},\"alternateName\":\"Vr\",\"potentialAction\":[{\"@type\":\"SearchAction\",\"target\":{\"@type\":\"EntryPoint\",\"urlTemplate\":\"https:\/\/erply.haidak.eu\/et\/?s={search_term_string}\"},\"query-input\":{\"@type\":\"PropertyValueSpecification\",\"valueRequired\":true,\"valueName\":\"search_term_string\"}}],\"inLanguage\":\"et\"},{\"@type\":[\"Organization\",\"Place\"],\"@id\":\"https:\/\/erply.haidak.eu\/et\/#organization\",\"name\":\"Voltride\",\"alternateName\":\"VR\",\"url\":\"https:\/\/erply.haidak.eu\/et\/\",\"logo\":{\"@id\":\"https:\/\/erply.haidak.eu\/et\/ostukorv\/#local-main-organization-logo\"},\"image\":{\"@id\":\"https:\/\/erply.haidak.eu\/et\/ostukorv\/#local-main-organization-logo\"},\"legalName\":\"Voltride O\u00dc\",\"numberOfEmployees\":{\"@type\":\"QuantitativeValue\",\"minValue\":\"1\",\"maxValue\":\"10\"},\"ownershipFundingInfo\":\"https:\/\/erply.haidak.eu\/about-us\/\",\"address\":{\"@id\":\"https:\/\/erply.haidak.eu\/et\/ostukorv\/#local-main-place-address\"},\"geo\":{\"@type\":\"GeoCoordinates\",\"latitude\":\"59.439554\",\"longitude\":\"24.726644\"},\"telephone\":[\"+372 600 40 99\"],\"contactPoint\":{\"@type\":\"ContactPoint\",\"telephone\":\"+372 600 40 99\",\"email\":\"info@voltride.com\"},\"openingHoursSpecification\":[{\"@type\":\"OpeningHoursSpecification\",\"dayOfWeek\":[\"Monday\",\"Tuesday\",\"Wednesday\",\"Thursday\",\"Friday\"],\"opens\":\"10:00\",\"closes\":\"18:00\"},{\"@type\":\"OpeningHoursSpecification\",\"dayOfWeek\":[\"Saturday\",\"Sunday\"],\"opens\":\"00:00\",\"closes\":\"00:00\"}],\"email\":\"info@voltride.com\",\"taxID\":\"14871968\"},{\"@type\":\"PostalAddress\",\"@id\":\"https:\/\/erply.haidak.eu\/et\/ostukorv\/#local-main-place-address\",\"streetAddress\":\"Voltride Telliskivi 57D\",\"addressLocality\":\"Tallinn\",\"postalCode\":\"10412\",\"addressRegion\":\"Tallinn\",\"addressCountry\":\"EE\"},{\"@type\":\"ImageObject\",\"inLanguage\":\"et\",\"@id\":\"https:\/\/erply.haidak.eu\/et\/ostukorv\/#local-main-organization-logo\",\"url\":\"https:\/\/erply.haidak.eu\/wp-content\/uploads\/voltride-logo.png\",\"contentUrl\":\"https:\/\/erply.haidak.eu\/wp-content\/uploads\/voltride-logo.png\",\"width\":2481,\"height\":620,\"caption\":\"Voltride\"}]}<\/script>\n<meta name=\"geo.placename\" content=\"Tallinn\" \/>\n<meta name=\"geo.position\" content=\"59.439554;24.726644\" \/>\n<meta name=\"geo.region\" content=\"Estonia\" \/>\n<!-- \/ Yoast SEO Premium plugin. -->","yoast_head_json":{"title":"Ostukorv \u2013 vaata oma tellimus \u00fcle & mine maksma | Voltride","description":"Vaata oma ostukorv \u00fcle, kontrolli summad ja j\u00e4tka turvalise maksmisega. Kiire tarne ja usaldusv\u00e4\u00e4rne teenindus elektrit\u00f5ukeratastele ja EUC-dele.","robots":{"index":"noindex","follow":"nofollow"},"og_locale":"et_EE","og_type":"article","og_title":"Ostukorv | Voltride","og_description":"Vaata oma ostukorv \u00fcle, kontrolli summad ja j\u00e4tka turvalise maksmisega. Kiire tarne ja usaldusv\u00e4\u00e4rne teenindus elektrit\u00f5ukeratastele ja EUC-dele.","og_url":"https:\/\/erply.haidak.eu\/et\/ostukorv\/","og_site_name":"Voltride","article_modified_time":"2026-02-10T16:53:39+00:00","og_image":[{"width":1201,"height":631,"url":"https:\/\/erply.haidak.eu\/wp-content\/uploads\/2025\/08\/voltride-share-image-general.jpg","type":"image\/jpeg"}],"twitter_card":"summary_large_image","schema":{"@context":"https:\/\/schema.org","@graph":[{"@type":"WebPage","@id":"https:\/\/erply.haidak.eu\/et\/ostukorv\/","url":"https:\/\/erply.haidak.eu\/et\/ostukorv\/","name":"Ostukorv \u2013 vaata oma tellimus \u00fcle & mine maksma | Voltride","isPartOf":{"@id":"https:\/\/erply.haidak.eu\/et\/#website"},"datePublished":"2025-01-23T08:11:33+00:00","dateModified":"2026-02-10T16:53:39+00:00","description":"Vaata oma ostukorv \u00fcle, kontrolli summad ja j\u00e4tka turvalise maksmisega. Kiire tarne ja usaldusv\u00e4\u00e4rne teenindus elektrit\u00f5ukeratastele ja EUC-dele.","breadcrumb":{"@id":"https:\/\/erply.haidak.eu\/et\/ostukorv\/#breadcrumb"},"inLanguage":"et","potentialAction":[{"@type":"ReadAction","target":["https:\/\/erply.haidak.eu\/et\/ostukorv\/"]}]},{"@type":"BreadcrumbList","@id":"https:\/\/erply.haidak.eu\/et\/ostukorv\/#breadcrumb","itemListElement":[{"@type":"ListItem","position":1,"name":"Home","item":"https:\/\/erply.haidak.eu\/et\/"},{"@type":"ListItem","position":2,"name":"Ostukorv"}]},{"@type":"WebSite","@id":"https:\/\/erply.haidak.eu\/et\/#website","url":"https:\/\/erply.haidak.eu\/et\/","name":"Voltride","description":"Parim elektrirataste elektrit\u00f5ukside ja \u00fcksrataste pood ja remont","publisher":{"@id":"https:\/\/erply.haidak.eu\/et\/#organization"},"alternateName":"Vr","potentialAction":[{"@type":"SearchAction","target":{"@type":"EntryPoint","urlTemplate":"https:\/\/erply.haidak.eu\/et\/?s={search_term_string}"},"query-input":{"@type":"PropertyValueSpecification","valueRequired":true,"valueName":"search_term_string"}}],"inLanguage":"et"},{"@type":["Organization","Place"],"@id":"https:\/\/erply.haidak.eu\/et\/#organization","name":"Voltride","alternateName":"VR","url":"https:\/\/erply.haidak.eu\/et\/","logo":{"@id":"https:\/\/erply.haidak.eu\/et\/ostukorv\/#local-main-organization-logo"},"image":{"@id":"https:\/\/erply.haidak.eu\/et\/ostukorv\/#local-main-organization-logo"},"legalName":"Voltride O\u00dc","numberOfEmployees":{"@type":"QuantitativeValue","minValue":"1","maxValue":"10"},"ownershipFundingInfo":"https:\/\/erply.haidak.eu\/about-us\/","address":{"@id":"https:\/\/erply.haidak.eu\/et\/ostukorv\/#local-main-place-address"},"geo":{"@type":"GeoCoordinates","latitude":"59.439554","longitude":"24.726644"},"telephone":["+372 600 40 99"],"contactPoint":{"@type":"ContactPoint","telephone":"+372 600 40 99","email":"info@voltride.com"},"openingHoursSpecification":[{"@type":"OpeningHoursSpecification","dayOfWeek":["Monday","Tuesday","Wednesday","Thursday","Friday"],"opens":"10:00","closes":"18:00"},{"@type":"OpeningHoursSpecification","dayOfWeek":["Saturday","Sunday"],"opens":"00:00","closes":"00:00"}],"email":"info@voltride.com","taxID":"14871968"},{"@type":"PostalAddress","@id":"https:\/\/erply.haidak.eu\/et\/ostukorv\/#local-main-place-address","streetAddress":"Voltride Telliskivi 57D","addressLocality":"Tallinn","postalCode":"10412","addressRegion":"Tallinn","addressCountry":"EE"},{"@type":"ImageObject","inLanguage":"et","@id":"https:\/\/erply.haidak.eu\/et\/ostukorv\/#local-main-organization-logo","url":"https:\/\/erply.haidak.eu\/wp-content\/uploads\/voltride-logo.png","contentUrl":"https:\/\/erply.haidak.eu\/wp-content\/uploads\/voltride-logo.png","width":2481,"height":620,"caption":"Voltride"}]},"geo.placename":"Tallinn","geo.position":{"lat":"59.439554","long":"24.726644"},"geo.region":"Estonia"},"_links":{"self":[{"href":"https:\/\/erply.haidak.eu\/et\/wp-json\/wp\/v2\/pages\/11161","targetHints":{"allow":["GET"]}}],"collection":[{"href":"https:\/\/erply.haidak.eu\/et\/wp-json\/wp\/v2\/pages"}],"about":[{"href":"https:\/\/erply.haidak.eu\/et\/wp-json\/wp\/v2\/types\/page"}],"author":[{"embeddable":true,"href":"https:\/\/erply.haidak.eu\/et\/wp-json\/wp\/v2\/users\/1"}],"replies":[{"embeddable":true,"href":"https:\/\/erply.haidak.eu\/et\/wp-json\/wp\/v2\/comments?post=11161"}],"version-history":[{"count":1,"href":"https:\/\/erply.haidak.eu\/et\/wp-json\/wp\/v2\/pages\/11161\/revisions"}],"predecessor-version":[{"id":11321,"href":"https:\/\/erply.haidak.eu\/et\/wp-json\/wp\/v2\/pages\/11161\/revisions\/11321"}],"wp:attachment":[{"href":"https:\/\/erply.haidak.eu\/et\/wp-json\/wp\/v2\/media?parent=11161"}],"curies":[{"name":"wp","href":"https:\/\/api.w.org\/{rel}","templated":true}]}}